{"id":664,"date":"2024-02-12T19:43:17","date_gmt":"2024-02-12T19:43:17","guid":{"rendered":"https:\/\/mmarsanchez.es\/?page_id=664"},"modified":"2024-02-20T20:07:23","modified_gmt":"2024-02-20T20:07:23","slug":"deshilando-estudios-y-noticias","status":"publish","type":"page","link":"https:\/\/mmarsanchez.es\/index.php\/deshilando-estudios-y-noticias\/","title":{"rendered":"Deshilando estudios y noticias"},"content":{"rendered":"\n<p>En el mundo en el que vivimos tenemos acceso a una gran cantidad de informaci\u00f3n. A veces, nos encontramos con titulares que nos confunden o con informaci\u00f3n de estudios cient\u00edficos que no sabemos si es cierta. En esta secci\u00f3n encontrar\u00e1s un an\u00e1lisis de las investigaciones, de las noticias, desde la tecnolog\u00eda educativa, el contexto y el sentido com\u00fan. <\/p>\n\n\n\n<ul class=\"wp-block-list\">\n<li><a href=\"https:\/\/mmarsanchez.es\/index.php\/deshilando-el-mito-de-los-gurus-de-silicon-valley\/\">Deshilando lo de los gur\u00fas de Silicon Valley y los colegios sin pantallas<\/a>. <\/li>\n\n\n\n<li><a href=\"https:\/\/mmarsanchez.es\/index.php\/deshilando-lo-de-suecia\/\">Deshilando lo de Suecia y las pantallas. <\/a><\/li>\n<\/ul>\n","protected":false},"excerpt":{"rendered":"<p>En el mundo en el que vivimos tenemos acceso a una gran cantidad de informaci\u00f3n. A veces, nos encontramos con titulares que nos confunden o con informaci\u00f3n de estudios cient\u00edficos que no sabemos si es cierta. En esta secci\u00f3n encontrar\u00e1s un an\u00e1lisis de las investigaciones, de las noticias, desde la tecnolog\u00eda educativa, el contexto y [&hellip;]<\/p>\n","protected":false},"author":1,"featured_media":0,"parent":0,"menu_order":0,"comment_status":"closed","ping_status":"closed","template":"","meta":{"_monsterinsights_skip_tracking":false,"_monsterinsights_sitenote_active":false,"_monsterinsights_sitenote_note":"","_monsterinsights_sitenote_category":0,"footnotes":""},"class_list":["post-664","page","type-page","status-publish","hentry"],"_links":{"self":[{"href":"https:\/\/mmarsanchez.es\/index.php\/wp-json\/wp\/v2\/pages\/664","targetHints":{"allow":["GET"]}}],"collection":[{"href":"https:\/\/mmarsanchez.es\/index.php\/wp-json\/wp\/v2\/pages"}],"about":[{"href":"https:\/\/mmarsanchez.es\/index.php\/wp-json\/wp\/v2\/types\/page"}],"author":[{"embeddable":true,"href":"https:\/\/mmarsanchez.es\/index.php\/wp-json\/wp\/v2\/users\/1"}],"replies":[{"embeddable":true,"href":"https:\/\/mmarsanchez.es\/index.php\/wp-json\/wp\/v2\/comments?post=664"}],"version-history":[{"count":6,"href":"https:\/\/mmarsanchez.es\/index.php\/wp-json\/wp\/v2\/pages\/664\/revisions"}],"predecessor-version":[{"id":682,"href":"https:\/\/mmarsanchez.es\/index.php\/wp-json\/wp\/v2\/pages\/664\/revisions\/682"}],"wp:attachment":[{"href":"https:\/\/mmarsanchez.es\/index.php\/wp-json\/wp\/v2\/media?parent=664"}],"curies":[{"name":"wp","href":"https:\/\/api.w.org\/{rel}","templated":true}]}}