{"id":517,"date":"2023-10-01T17:29:23","date_gmt":"2023-10-01T17:29:23","guid":{"rendered":"https:\/\/mmarsanchez.es\/?page_id=517"},"modified":"2023-10-01T17:29:23","modified_gmt":"2023-10-01T17:29:23","slug":"chatbots-y-herramientas-de-busqueda","status":"publish","type":"page","link":"https:\/\/mmarsanchez.es\/index.php\/chatbots-y-herramientas-de-busqueda\/","title":{"rendered":"Chatbots y herramientas de b\u00fasqueda"},"content":{"rendered":"\n<p>Accede a las herramientas haciendo clic en la imagen.<\/p>\n\n\n\n<hr class=\"wp-block-separator has-alpha-channel-opacity\"\/>\n\n\n\n<div class=\"wp-block-media-text is-stacked-on-mobile\" style=\"grid-template-columns:15% auto\"><figure class=\"wp-block-media-text__media\"><a href=\"https:\/\/chat.openai.com\/\"><img loading=\"lazy\" decoding=\"async\" width=\"186\" height=\"186\" src=\"https:\/\/mmarsanchez.es\/wp-content\/uploads\/2023\/09\/GPT-2.png\" alt=\"\" class=\"wp-image-524 size-full\" srcset=\"https:\/\/mmarsanchez.es\/wp-content\/uploads\/2023\/09\/GPT-2.png 186w, https:\/\/mmarsanchez.es\/wp-content\/uploads\/2023\/09\/GPT-2-150x150.png 150w\" sizes=\"auto, (max-width: 186px) 100vw, 186px\" \/><\/a><\/figure><div class=\"wp-block-media-text__content\">\n<p><strong>ChatGPT<\/strong><\/p>\n\n\n\n<p>Modelo de lenguaje de OpenAI que utiliza el procesamiento del lenguaje natural y est\u00e1 dise\u00f1ado para generar respuestas conversacionales usando la arquitectura GPT-3. Versi\u00f3n 3.5 gratuita. Versi\u00f3n 4 (incluye acceso a plugins) de pago.<\/p>\n<\/div><\/div>\n\n\n\n<hr class=\"wp-block-separator has-alpha-channel-opacity\"\/>\n\n\n\n<div class=\"wp-block-media-text is-stacked-on-mobile\" style=\"grid-template-columns:15% auto\"><figure class=\"wp-block-media-text__media\"><a href=\"https:\/\/bard.google.com\/\"><img loading=\"lazy\" decoding=\"async\" width=\"328\" height=\"338\" src=\"https:\/\/mmarsanchez.es\/wp-content\/uploads\/2023\/09\/Captura-de-pantalla-2023-09-29-a-las-19.46.49.png\" alt=\"\" class=\"wp-image-538 size-full\" srcset=\"https:\/\/mmarsanchez.es\/wp-content\/uploads\/2023\/09\/Captura-de-pantalla-2023-09-29-a-las-19.46.49.png 328w, https:\/\/mmarsanchez.es\/wp-content\/uploads\/2023\/09\/Captura-de-pantalla-2023-09-29-a-las-19.46.49-291x300.png 291w\" sizes=\"auto, (max-width: 328px) 100vw, 328px\" \/><\/a><\/figure><div class=\"wp-block-media-text__content\">\n<p><strong>Bard<\/strong><\/p>\n\n\n\n<p>Herramienta gratuita de Google que puede comparar, sugerir, explicar,  redactar texto, codificar y buscar informaci\u00f3n en internet. <\/p>\n<\/div><\/div>\n\n\n\n<hr class=\"wp-block-separator has-alpha-channel-opacity\"\/>\n\n\n\n<div class=\"wp-block-media-text is-stacked-on-mobile\" style=\"grid-template-columns:16% auto\"><figure class=\"wp-block-media-text__media\"><img loading=\"lazy\" decoding=\"async\" width=\"836\" height=\"372\" src=\"https:\/\/mmarsanchez.es\/wp-content\/uploads\/2023\/09\/Captura-de-pantalla-2023-09-29-a-las-19.49.44.png\" alt=\"\" class=\"wp-image-539 size-full\" srcset=\"https:\/\/mmarsanchez.es\/wp-content\/uploads\/2023\/09\/Captura-de-pantalla-2023-09-29-a-las-19.49.44.png 836w, https:\/\/mmarsanchez.es\/wp-content\/uploads\/2023\/09\/Captura-de-pantalla-2023-09-29-a-las-19.49.44-300x133.png 300w, https:\/\/mmarsanchez.es\/wp-content\/uploads\/2023\/09\/Captura-de-pantalla-2023-09-29-a-las-19.49.44-768x342.png 768w\" sizes=\"auto, (max-width: 836px) 100vw, 836px\" \/><\/figure><div class=\"wp-block-media-text__content\">\n<p><strong>Bing<\/strong><\/p>\n\n\n\n<p>Motor de b\u00fasqueda gratuito de Microsoft que utiliza la IA y el lenguaje natural. Permite tambi\u00e9n generar im\u00e1genes utilizando la tecnolog\u00eda Dalle.<\/p>\n<\/div><\/div>\n\n\n\n<hr class=\"wp-block-separator has-alpha-channel-opacity\"\/>\n\n\n\n<div class=\"wp-block-media-text is-stacked-on-mobile\" style=\"grid-template-columns:17% auto\"><figure class=\"wp-block-media-text__media\"><a href=\"https:\/\/beta.character.ai\/\"><img loading=\"lazy\" decoding=\"async\" width=\"1024\" height=\"512\" src=\"https:\/\/mmarsanchez.es\/wp-content\/uploads\/2023\/09\/social-share-2-1024x512.png\" alt=\"\" class=\"wp-image-526 size-full\" srcset=\"https:\/\/mmarsanchez.es\/wp-content\/uploads\/2023\/09\/social-share-2-1024x512.png 1024w, https:\/\/mmarsanchez.es\/wp-content\/uploads\/2023\/09\/social-share-2-300x150.png 300w, https:\/\/mmarsanchez.es\/wp-content\/uploads\/2023\/09\/social-share-2-768x384.png 768w, https:\/\/mmarsanchez.es\/wp-content\/uploads\/2023\/09\/social-share-2.png 1200w\" sizes=\"auto, (max-width: 1024px) 100vw, 1024px\" \/><\/a><\/figure><div class=\"wp-block-media-text__content\">\n<p><strong>Character AI<\/strong><\/p>\n\n\n\n<p>Chat de IA que asume la personalidad del personaje que le indiques de los que te ofrece. Tiene una secci\u00f3n de historia y filosof\u00eda interesante. Gratuita.<\/p>\n<\/div><\/div>\n\n\n\n<hr class=\"wp-block-separator has-alpha-channel-opacity\"\/>\n\n\n\n<div class=\"wp-block-media-text is-stacked-on-mobile\" style=\"grid-template-columns:16% auto\"><figure class=\"wp-block-media-text__media\"><a href=\"https:\/\/www.hellohistory.ai\/\"><img loading=\"lazy\" decoding=\"async\" width=\"842\" height=\"654\" src=\"https:\/\/mmarsanchez.es\/wp-content\/uploads\/2023\/09\/Captura-de-pantalla-2023-09-29-a-las-19.09.23-1.png\" alt=\"\" class=\"wp-image-527 size-full\" srcset=\"https:\/\/mmarsanchez.es\/wp-content\/uploads\/2023\/09\/Captura-de-pantalla-2023-09-29-a-las-19.09.23-1.png 842w, https:\/\/mmarsanchez.es\/wp-content\/uploads\/2023\/09\/Captura-de-pantalla-2023-09-29-a-las-19.09.23-1-300x233.png 300w, https:\/\/mmarsanchez.es\/wp-content\/uploads\/2023\/09\/Captura-de-pantalla-2023-09-29-a-las-19.09.23-1-768x597.png 768w\" sizes=\"auto, (max-width: 842px) 100vw, 842px\" \/><\/a><\/figure><div class=\"wp-block-media-text__content\">\n<p><strong>Hello history<\/strong><\/p>\n\n\n\n<p>App de IA disponible para Apple y Android con la que podr\u00e1s chatear con personajes hist\u00f3ricos. Gratuita (posibles compras dentro de la app).<\/p>\n<\/div><\/div>\n\n\n\n<hr class=\"wp-block-separator has-alpha-channel-opacity\"\/>\n\n\n\n<div class=\"wp-block-media-text is-stacked-on-mobile\" style=\"grid-template-columns:17% auto\"><figure class=\"wp-block-media-text__media\"><a href=\"https:\/\/claude.ai\/chats\"><img loading=\"lazy\" decoding=\"async\" width=\"442\" height=\"424\" src=\"https:\/\/mmarsanchez.es\/wp-content\/uploads\/2023\/09\/Captura-de-pantalla-2023-09-29-a-las-19.55.27.png\" alt=\"\" class=\"wp-image-544 size-full\" srcset=\"https:\/\/mmarsanchez.es\/wp-content\/uploads\/2023\/09\/Captura-de-pantalla-2023-09-29-a-las-19.55.27.png 442w, https:\/\/mmarsanchez.es\/wp-content\/uploads\/2023\/09\/Captura-de-pantalla-2023-09-29-a-las-19.55.27-300x288.png 300w\" sizes=\"auto, (max-width: 442px) 100vw, 442px\" \/><\/a><\/figure><div class=\"wp-block-media-text__content\">\n<p><strong>Claude AI<\/strong><\/p>\n\n\n\n<p>Permite subir documentos en PDF e interaccionar y hacer peticiones. Gratuita. Algunas restricciones de uso en Europa.<\/p>\n<\/div><\/div>\n\n\n\n<hr class=\"wp-block-separator has-alpha-channel-opacity\"\/>\n\n\n\n<div class=\"wp-block-media-text is-stacked-on-mobile\" style=\"grid-template-columns:18% auto\"><figure class=\"wp-block-media-text__media\"><img loading=\"lazy\" decoding=\"async\" width=\"546\" height=\"658\" src=\"https:\/\/mmarsanchez.es\/wp-content\/uploads\/2023\/09\/Captura-de-pantalla-2023-09-29-a-las-19.58.17.png\" alt=\"\" class=\"wp-image-545 size-full\" srcset=\"https:\/\/mmarsanchez.es\/wp-content\/uploads\/2023\/09\/Captura-de-pantalla-2023-09-29-a-las-19.58.17.png 546w, https:\/\/mmarsanchez.es\/wp-content\/uploads\/2023\/09\/Captura-de-pantalla-2023-09-29-a-las-19.58.17-249x300.png 249w\" sizes=\"auto, (max-width: 546px) 100vw, 546px\" \/><\/figure><div class=\"wp-block-media-text__content\">\n<p><strong>Chat PDF<\/strong><\/p>\n\n\n\n<p>Herramienta de IA que permite subir un documento en PDF y preguntar cosas sobre el contenido en un chat para ir obteniendo la informaci\u00f3n.<\/p>\n<\/div><\/div>\n\n\n\n<hr class=\"wp-block-separator has-alpha-channel-opacity\"\/>\n\n\n\n<div class=\"wp-block-media-text is-stacked-on-mobile\" style=\"grid-template-columns:18% auto\"><figure class=\"wp-block-media-text__media\"><a href=\"https:\/\/consensus.app\/\"><img loading=\"lazy\" decoding=\"async\" width=\"364\" height=\"162\" src=\"https:\/\/mmarsanchez.es\/wp-content\/uploads\/2023\/10\/Captura-de-pantalla-2023-10-01-a-las-17.40.35.png\" alt=\"\" class=\"wp-image-585 size-full\" srcset=\"https:\/\/mmarsanchez.es\/wp-content\/uploads\/2023\/10\/Captura-de-pantalla-2023-10-01-a-las-17.40.35.png 364w, https:\/\/mmarsanchez.es\/wp-content\/uploads\/2023\/10\/Captura-de-pantalla-2023-10-01-a-las-17.40.35-300x134.png 300w\" sizes=\"auto, (max-width: 364px) 100vw, 364px\" \/><\/a><\/figure><div class=\"wp-block-media-text__content\">\n<p>Motor de b\u00fasqueda que utiliza la IA para encontrar y analizar respuestas en la literatura cient\u00edfica.<\/p>\n<\/div><\/div>\n\n\n\n<hr class=\"wp-block-separator has-alpha-channel-opacity\"\/>\n","protected":false},"excerpt":{"rendered":"<p>Accede a las herramientas haciendo clic en la imagen. ChatGPT Modelo de lenguaje de OpenAI que utiliza el procesamiento del lenguaje natural y est\u00e1 dise\u00f1ado para generar respuestas conversacionales usando la arquitectura GPT-3. Versi\u00f3n 3.5 gratuita. Versi\u00f3n 4 (incluye acceso a plugins) de pago. Bard Herramienta gratuita de Google que puede comparar, sugerir, explicar, redactar [&hellip;]<\/p>\n","protected":false},"author":1,"featured_media":0,"parent":0,"menu_order":0,"comment_status":"closed","ping_status":"closed","template":"","meta":{"_monsterinsights_skip_tracking":false,"_monsterinsights_sitenote_active":false,"_monsterinsights_sitenote_note":"","_monsterinsights_sitenote_category":0,"footnotes":""},"class_list":["post-517","page","type-page","status-publish","hentry"],"_links":{"self":[{"href":"https:\/\/mmarsanchez.es\/index.php\/wp-json\/wp\/v2\/pages\/517","targetHints":{"allow":["GET"]}}],"collection":[{"href":"https:\/\/mmarsanchez.es\/index.php\/wp-json\/wp\/v2\/pages"}],"about":[{"href":"https:\/\/mmarsanchez.es\/index.php\/wp-json\/wp\/v2\/types\/page"}],"author":[{"embeddable":true,"href":"https:\/\/mmarsanchez.es\/index.php\/wp-json\/wp\/v2\/users\/1"}],"replies":[{"embeddable":true,"href":"https:\/\/mmarsanchez.es\/index.php\/wp-json\/wp\/v2\/comments?post=517"}],"version-history":[{"count":7,"href":"https:\/\/mmarsanchez.es\/index.php\/wp-json\/wp\/v2\/pages\/517\/revisions"}],"predecessor-version":[{"id":586,"href":"https:\/\/mmarsanchez.es\/index.php\/wp-json\/wp\/v2\/pages\/517\/revisions\/586"}],"wp:attachment":[{"href":"https:\/\/mmarsanchez.es\/index.php\/wp-json\/wp\/v2\/media?parent=517"}],"curies":[{"name":"wp","href":"https:\/\/api.w.org\/{rel}","templated":true}]}}