{"id":2,"date":"2022-02-04T16:21:13","date_gmt":"2022-02-04T16:21:13","guid":{"rendered":"http:\/\/mmarsanchez.es\/?page_id=2"},"modified":"2025-02-13T16:54:45","modified_gmt":"2025-02-13T16:54:45","slug":"sample-page","status":"publish","type":"page","link":"https:\/\/mmarsanchez.es\/","title":{"rendered":"Inicio"},"content":{"rendered":"\n<p>Bienvenid@s a mi p\u00e1gina web. Soy Mar\u00eda del Mar S\u00e1nchez Vera. Soy doctora en Pedagog\u00eda. Miembro del Grupo de Investigaci\u00f3n de Tecnolog\u00eda Educativa y profesora titular del Departamento de Did\u00e1ctica y Organizaci\u00f3n Escolar de la Facultad de Educaci\u00f3n de la Universidad de Murcia.<\/p>\n\n\n\n<div class=\"wp-block-media-text alignwide is-stacked-on-mobile\" style=\"grid-template-columns:38% auto\"><figure class=\"wp-block-media-text__media\"><img loading=\"lazy\" decoding=\"async\" width=\"1024\" height=\"733\" src=\"http:\/\/mmarsanchez.es\/wp-content\/uploads\/2023\/02\/IMAGE-2023-02-28-141141-1024x733.jpg\" alt=\"\" class=\"wp-image-306 size-full\" srcset=\"https:\/\/mmarsanchez.es\/wp-content\/uploads\/2023\/02\/IMAGE-2023-02-28-141141-1024x733.jpg 1024w, https:\/\/mmarsanchez.es\/wp-content\/uploads\/2023\/02\/IMAGE-2023-02-28-141141-300x215.jpg 300w, https:\/\/mmarsanchez.es\/wp-content\/uploads\/2023\/02\/IMAGE-2023-02-28-141141-768x550.jpg 768w, https:\/\/mmarsanchez.es\/wp-content\/uploads\/2023\/02\/IMAGE-2023-02-28-141141.jpg 1280w\" sizes=\"auto, (max-width: 1024px) 100vw, 1024px\" \/><\/figure><div class=\"wp-block-media-text__content\">\n<p>Investigo sobre Tecnolog\u00eda Educativa. Mis dos l\u00edneas de trabajo son: (a) Estrategias metodol\u00f3gicas y entornos virtuales de formaci\u00f3n en l\u00ednea (e-learning) y (b) Tecnolog\u00eda Educativa en las aulas (recursos digitales para la ense\u00f1anza-aprendizaje, estrategias did\u00e1cticas con tecnolog\u00edas, pensamiento computacional y rob\u00f3tica educativa, inteligencia artificial, formaci\u00f3n del profesorado para el desarrollo de la competencia digital). Tambi\u00e9n trabajo aspectos relacionados con el impacto social, cultural y educativo de las tecnolog\u00edas digitales (ciudadan\u00eda digital, seguridad en la red, etc.).<\/p>\n<\/div><\/div>\n\n\n\n<p>Investigo en el Grupo de Investigaci\u00f3n de Tecnolog\u00eda Educativa, en el que he podido participar en varios proyectos de investigaci\u00f3n nacionales e internacionales sobre Tecnolog\u00eda Educativa. He realizado estancias de investigaci\u00f3n en la Universidad de Cambridge, la Universidad John Moore de Liverpool y la Universidad de Southampton. Durante todos estos a\u00f1os, he podido publicar libros y art\u00edculos sobre mi investigaci\u00f3n en Tecnolog\u00eda Educativa. <a href=\"https:\/\/scholar.google.es\/citations?user=riV7BNIAAAAJ&amp;hl=es\">Aqu\u00ed<\/a> puedes ver algunas de mis publicaciones cient\u00edficas.<\/p>\n\n\n\n<p>Actualmente imparto clase en la Facultad de Educaci\u00f3n de la Universidad de Murcia. A lo largo de estos a\u00f1os, he impartido clase en el Grado de Infantil, el Grado de Primaria, el Grado de Educaci\u00f3n Social y el Grado de Pedagog\u00eda. Tambi\u00e9n soy docente en el M\u00e1ster de Tecnolog\u00eda Educativa, el M\u00e1ster de Educaci\u00f3n Secundaria y el M\u00e1ster de Educaci\u00f3n y Museos. Tengo amplia experiencia en el desarrollo de cursos y talleres dirigidos a profesores de Infantil, Primaria, Secundaria y Universidad sobre Tecnolog\u00eda Educativa. <\/p>\n\n\n\n<p>Dispongo de experiencia en actividades y contratos de transferencia cient\u00edfica, como asesora cient\u00edfica en materia de Inteligencia Artificial y Educaci\u00f3n a empresas del sector educativo. Tambi\u00e9n he participado como experta externa con la Oficina de Ciencia y Tecnolog\u00eda del Congreso de los Diputados en relaci\u00f3n al informe sobre Inteligencia Artificial y educaci\u00f3n. Creo que a trav\u00e9s de la divulgaci\u00f3n cient\u00edfica podemos hacer llegar a otros profesionales, y a la sociedad, la importancia del trabajo que hacemos desde la educaci\u00f3n y lo que investigamos en Tecnolog\u00eda Educativa, por ello, me gusta impulsar y participar en actividades de divulgaci\u00f3n cient\u00edfica. He tenido la suerte de poder participar en programas como \u00abLa Aventura del Saber\u00bb y de intervenir y participar en entrevistas en medios regionales y nacionales, como Onda Regional o el Diario.es, abordando aspectos relacionados con el uso de la tecnolog\u00eda en las escuelas. En el a\u00f1o 2024 he conseguido el premio a la transferencia del conocimiento en la Universidad de Murcia, para la modalidad de actividades de transferencia de conocimiento social o divulgaci\u00f3n cient\u00edfica.<\/p>\n\n\n\n<p>Creo que la educaci\u00f3n cambia vidas, y que en este mundo, el desarrollo de una competencia digital adecuada es importante para poder ejercer mejor nuestros derechos y deberes como ciudadanos digitales. Desarrollar la competencia digital es para m\u00ed una cuesti\u00f3n de justicia social y me gusta trabajar con los agentes de la comunidad educativa para mejorar la calidad educativa y de ese modo dar mejores oportunidades a las futuras generaciones. Trabajo en experiencias de aprendizaje-servicio con centros educativos para crear puentes entre la Facultad de Educaci\u00f3n y las escuelas.<\/p>\n\n\n\n<figure class=\"wp-block-image size-large is-resized\"><img loading=\"lazy\" decoding=\"async\" width=\"1024\" height=\"562\" src=\"https:\/\/mmarsanchez.es\/wp-content\/uploads\/2023\/09\/Captura-de-pantalla-2023-09-08-a-las-16.19.47-1024x562.png\" alt=\"\" class=\"wp-image-478\" style=\"width:807px;height:443px\" srcset=\"https:\/\/mmarsanchez.es\/wp-content\/uploads\/2023\/09\/Captura-de-pantalla-2023-09-08-a-las-16.19.47-1024x562.png 1024w, https:\/\/mmarsanchez.es\/wp-content\/uploads\/2023\/09\/Captura-de-pantalla-2023-09-08-a-las-16.19.47-300x165.png 300w, https:\/\/mmarsanchez.es\/wp-content\/uploads\/2023\/09\/Captura-de-pantalla-2023-09-08-a-las-16.19.47-768x421.png 768w, https:\/\/mmarsanchez.es\/wp-content\/uploads\/2023\/09\/Captura-de-pantalla-2023-09-08-a-las-16.19.47-1536x843.png 1536w, https:\/\/mmarsanchez.es\/wp-content\/uploads\/2023\/09\/Captura-de-pantalla-2023-09-08-a-las-16.19.47.png 1644w\" sizes=\"auto, (max-width: 1024px) 100vw, 1024px\" \/><\/figure>\n\n\n\n<blockquote class=\"wp-block-quote is-layout-flow wp-block-quote-is-layout-flow\">\n<hr class=\"wp-block-separator has-alpha-channel-opacity\"\/>\n\n\n\n<p><strong>Contacto:<\/strong> mmarsanchez@um.es<\/p>\n\n\n\n<p>Link a cuenta de <a href=\"https:\/\/twitter.com\/mallemar\">Twitter<\/a>.<\/p>\n\n\n\n<p>Link a cuenta de <a href=\"http:\/\/linkedin.com\/in\/mar\u00eda-del-mar-s\u00e1nchez-vera-97242518\">Linkedin<\/a>.<\/p>\n<\/blockquote>\n\n\n\n<p>Link a cuenta de <a href=\"https:\/\/www.instagram.com\/mallemar_edu\/\">Instagram<\/a>.<\/p>\n\n\n\n<p>Link a canal de <a href=\"https:\/\/t.me\/mallemar1\">Telegram<\/a>.<\/p>\n\n\n\n<p>Link a la cuenta de <a href=\"https:\/\/bsky.app\/profile\/mallemar.bsky.social\">Bluesky<\/a>.<\/p>\n\n\n\n<blockquote class=\"wp-block-quote is-layout-flow wp-block-quote-is-layout-flow\">\n<hr class=\"wp-block-separator has-alpha-channel-opacity\"\/>\n<\/blockquote>\n\n\n\n<figure class=\"wp-block-embed is-type-rich is-provider-twitter wp-block-embed-twitter\"><div class=\"wp-block-embed__wrapper\">\nhttps:\/\/twitter.com\/mallemar\n<\/div><\/figure>\n\n\n\n<blockquote class=\"wp-block-quote is-layout-flow wp-block-quote-is-layout-flow\">\n<p><\/p>\n<\/blockquote>\n\n\n\n<p><\/p>\n","protected":false},"excerpt":{"rendered":"<p>Bienvenid@s a mi p\u00e1gina web. Soy Mar\u00eda del Mar S\u00e1nchez Vera. Soy doctora en Pedagog\u00eda. Miembro del Grupo de Investigaci\u00f3n de Tecnolog\u00eda Educativa y profesora titular del Departamento de Did\u00e1ctica y Organizaci\u00f3n Escolar de la Facultad de Educaci\u00f3n de la Universidad de Murcia. Investigo sobre Tecnolog\u00eda Educativa. Mis dos l\u00edneas de trabajo son: (a) Estrategias [&hellip;]<\/p>\n","protected":false},"author":1,"featured_media":0,"parent":0,"menu_order":0,"comment_status":"closed","ping_status":"open","template":"","meta":{"_monsterinsights_skip_tracking":false,"_monsterinsights_sitenote_active":false,"_monsterinsights_sitenote_note":"","_monsterinsights_sitenote_category":0,"footnotes":""},"class_list":["post-2","page","type-page","status-publish","hentry"],"_links":{"self":[{"href":"https:\/\/mmarsanchez.es\/index.php\/wp-json\/wp\/v2\/pages\/2","targetHints":{"allow":["GET"]}}],"collection":[{"href":"https:\/\/mmarsanchez.es\/index.php\/wp-json\/wp\/v2\/pages"}],"about":[{"href":"https:\/\/mmarsanchez.es\/index.php\/wp-json\/wp\/v2\/types\/page"}],"author":[{"embeddable":true,"href":"https:\/\/mmarsanchez.es\/index.php\/wp-json\/wp\/v2\/users\/1"}],"replies":[{"embeddable":true,"href":"https:\/\/mmarsanchez.es\/index.php\/wp-json\/wp\/v2\/comments?post=2"}],"version-history":[{"count":17,"href":"https:\/\/mmarsanchez.es\/index.php\/wp-json\/wp\/v2\/pages\/2\/revisions"}],"predecessor-version":[{"id":803,"href":"https:\/\/mmarsanchez.es\/index.php\/wp-json\/wp\/v2\/pages\/2\/revisions\/803"}],"wp:attachment":[{"href":"https:\/\/mmarsanchez.es\/index.php\/wp-json\/wp\/v2\/media?parent=2"}],"curies":[{"name":"wp","href":"https:\/\/api.w.org\/{rel}","templated":true}]}}